{"id":28903,"date":"2021-09-08T14:26:57","date_gmt":"2021-09-08T14:26:57","guid":{"rendered":"https:\/\/lechemincreations.com\/home-cosmetics\/"},"modified":"2025-10-24T15:03:48","modified_gmt":"2025-10-24T15:03:48","slug":"home","status":"publish","type":"page","link":"https:\/\/lechemincreations.com\/en\/","title":{"rendered":"Home"},"content":{"rendered":"\t\t<div data-elementor-type=\"wp-page\" data-elementor-id=\"28903\" class=\"elementor elementor-28903\" data-elementor-post-type=\"page\">\n\t\t\t\t<div class=\"wd-negative-gap elementor-element elementor-element-9081cbb e-flex e-con-boxed e-con e-parent\" data-id=\"9081cbb\" data-element_type=\"container\" data-e-type=\"container\">\n\t\t\t\t\t<div class=\"e-con-inner\">\n\t\t\t\t<div class=\"elementor-element elementor-element-ff3d351 elementor-widget elementor-widget-slider_revolution\" data-id=\"ff3d351\" data-element_type=\"widget\" data-e-type=\"widget\" data-widget_type=\"slider_revolution.default\">\n\t\t\t\t<div class=\"elementor-widget-container\">\n\t\t\t\t\t\n\t\t<div class=\"wp-block-themepunch-revslider\">\n\t\t\t\t<p class=\"rs-p-wp-fix\"><\/p>\n\t\t\t\t<sr7-module data-alias=\"parallax-hero\" data-id=\"7\" id=\"SR7_7_1\" class=\"rs-ov-hidden\" data-version=\"6.7.32\">\n\t\t\t\t\t<sr7-adjuster><\/sr7-adjuster>\n\t\t\t\t\t<sr7-content>\n\t\t\t\t\t\t<sr7-slide id=\"SR7_7_1-22\" data-key=\"22\">\n\t\t\t\t\t\t\t<sr7-txt id=\"SR7_7_1-22-4\" class=\"sr7-layer\"><br \/>\n<\/sr7-txt>\n\t\t\t\t\t\t\t<sr7-txt id=\"SR7_7_1-22-5\" class=\"sr7-layer\">Des voies uniques , vers le chemin de votre \u00e9panouissement<\/sr7-txt>\n\t\t\t\t\t\t\t<a id=\"SR7_7_1-22-6\" class=\"sr7-layer\" href=\"\/histoire\" target=\"_self\" rel=\"nofollow\">D\u00e9couvrir<\/a>\n\t\t\t\t\t\t<\/sr7-slide>\n\t\t\t\t\t\t<sr7-slide id=\"SR7_7_1-24\" data-key=\"24\">\n\t\t\t\t\t\t<\/sr7-slide>\n\t\t\t\t\t<\/sr7-content>\n\t\t\t\t\t<image_lists style=\"display:none\">\n\t\t\t\t\t\t<img data-src=\"\/\/lechemincreations.com\/wp-content\/uploads\/2025\/04\/2-logo-try-out-2025.svg\" data-libid=\"27638\" data-lib=\"medialibrary\" title=\"2 logo try out 2025\" width=\"0\" height=\"0\" data-dbsrc=\"Ly9sZWNoZW1pbmNyZWF0aW9ucy5jb20vd3AtY29udGVudC91cGxvYWRzLzIwMjUvMDQvMi1sb2dvLXRyeS1vdXQtMjAyNS5zdmc=\"\/>\n\t\t\t\t\t\t<img data-src=\"\/\/lechemincreations.com\/wp-content\/uploads\/revslider\/parallax-hero\/particle.png\" data-libid=\"27062\" data-lib=\"medialibrary\" title=\"particle.png\" width=\"0\" height=\"0\" data-dbsrc=\"Ly9sZWNoZW1pbmNyZWF0aW9ucy5jb20vd3AtY29udGVudC91cGxvYWRzL3JldnNsaWRlci9wYXJhbGxheC1oZXJvL3BhcnRpY2xlLnBuZw==\"\/>\n\t\t\t\t\t<\/image_lists>\n\t\t\t\t<\/sr7-module>\n\t\t\t\t<script>\n\t\t\t\t\tSR7.PMH ??={}; SR7.PMH[\"SR7_7_1\"] = {cn:100,state:false,fn: function() { if (_tpt!==undefined && _tpt.prepareModuleHeight !== undefined) {  _tpt.prepareModuleHeight({id:\"SR7_7_1\",el:[630,630,570,472,352],type:'hero',shdw:'0',gh:[630,630,570,472,352],gw:[1240,1240,1024,778,480],vpt:['-100px&#039;,&#039;-100px&#039;,&#039;-100px&#039;,&#039;-100px&#039;,&#039;-100px'],size:{fullWidth:true, fullHeight:false},mh:'0',onh:0,onw:0,bg:{color:'{\"orig\":\"transparent\",\"type\":\"solid\",\"string\":\"transparent\"}'},plType:'7',plColor:'#FFFFFF'});   SR7.PMH[\"SR7_7_1\"].state=true;} else if(SR7.PMH[\"SR7_7_1\"].cn-->0)\tsetTimeout( SR7.PMH[\"SR7_7_1\"].fn,19);}};SR7.PMH[\"SR7_7_1\" ].fn();\n\t\t\t\t<\/script>\n<\/div>\n\n\t\t\t\t\t\t<\/div>\n\t\t\t\t<\/div>\n\t\t\t\t\t<\/div>\n\t\t\t\t<\/div>\n\t\t<div class=\"elementor-element elementor-element-6538ddb e-con-full e-flex e-con e-parent\" data-id=\"6538ddb\" data-element_type=\"container\" data-e-type=\"container\">\n\t\t\t\t<div class=\"elementor-element elementor-element-f3cc538 wd-width-100 elementor-widget elementor-widget-wd_title\" data-id=\"f3cc538\" data-element_type=\"widget\" data-e-type=\"widget\" data-widget_type=\"wd_title.default\">\n\t\t\t\t<div class=\"elementor-widget-container\">\n\t\t\t\t\t\t\t<div class=\"title-wrapper wd-set-mb reset-last-child wd-title-color-default wd-title-style-default wd-title-size-large text-center\">\n\n\t\t\t\t\t\t\t\t\t\t\t<div class=\"title-subtitle subtitle-color-default subtitle-style-default wd-fontsize-xs\">\n\t\t\t\t\tlES \u00e9crins \t\t\t\t<\/div>\n\t\t\t\n\t\t\t<div class=\"liner-continer\">\n\t\t\t\t<h4 class=\"woodmart-title-container title wd-fontsize-xxl\">les Voies du Chemin<br \/>\n <br \/>\n<\/h4> \n\t\t\t\t\t\t\t<\/div>\n\n\t\t\t\t\t\t\t<div class=\"title-after_title reset-last-child wd-fontsize-s\">\n\t\t\t\t\t<p>Chaque \u00e9crin est une exp\u00e9rience sensorielle, th\u00e9rapeutique et artisanale. \u00c0 l\u2019int\u00e9rieur\u00a0:<\/p><p>Un programme guid\u00e9 de 21 jours, des produits de beaut\u00e9 et de bien-\u00eatre D\u2019EXCEPTION et un espace sacr\u00e9 \u00e0 vivre chez soi.<\/p><p>Plus que de simples coffrets \u2013 ce sont des voies de reconnexion, au corps, \u00e0 l'autre, \u00e0 soi. Ensemble, ils dessinent un chemin int\u00e9rieur vers la pr\u00e9sence et l'harmonie.<\/p>\t\t\t\t<\/div>\n\t\t\t\t\t<\/div>\n\t\t\t\t\t\t<\/div>\n\t\t\t\t<\/div>\n\t\t\t\t<\/div>\n\t\t<div class=\"wd-negative-gap elementor-element elementor-element-8c02406 wd-section-stretch e-flex e-con-boxed e-con e-parent\" data-id=\"8c02406\" data-element_type=\"container\" data-e-type=\"container\">\n\t\t\t\t\t<div class=\"e-con-inner\">\n\t\t<div class=\"elementor-element elementor-element-996a14e e-con-full e-flex e-con e-child\" data-id=\"996a14e\" data-element_type=\"container\" data-e-type=\"container\">\n\t\t\t\t<div class=\"elementor-element elementor-element-95ab45c elementor-widget elementor-widget-wd_banner\" data-id=\"95ab45c\" data-element_type=\"widget\" data-e-type=\"widget\" data-widget_type=\"wd_banner.default\">\n\t\t\t\t<div class=\"elementor-widget-container\">\n\t\t\t\t\t\t\t<div class=\"promo-banner-wrapper\">\n\t\t\t<div class=\"promo-banner banner-default banner-hover-parallax color-scheme-dark banner-btn-size-small banner-btn-style-link wd-with-link\">\n\t\t\t\t<div class=\"main-wrapp-img\">\n\t\t\t\t\t<div class=\"banner-image wd-without-height\">\n\t\t\t\t\t\t\t\t\t\t\t\t\t\t\t\t\t\t\t\t\t<img loading=\"lazy\" decoding=\"async\" width=\"600\" height=\"400\" src=\"https:\/\/lechemincreations.com\/wp-content\/uploads\/2025\/05\/\u00a9Marwane-SOBAI_MG_9089-600x400.png\" class=\"attachment-600x400 size-600x400\" alt=\"\" \/>\t\t\t\t\t\t\t\t\t\t\t\t\t\t\t\t\t\t<\/div>\n\t\t\t\t<\/div>\n\n\t\t\t\t<div class=\"wrapper-content-banner wd-fill wd-items-middle wd-justify-center\">\n\t\t\t\t\t<div class=\"content-banner  text-center\">\n\t\t\t\t\t\t\n\t\t\t\t\t\t\n\t\t\t\t\t\t\n\t\t\t\t\t\t\n\t\t\t\t\t\t\t\t\t\t\t<\/div>\n\t\t\t\t<\/div>\n\n\t\t\t\t\t\t\t\t\t<a href=\"#\" class=\"wd-promo-banner-link wd-fill\" aria-label=\"Banner link\"><\/a>\n\t\t\t\t\t\t\t<\/div>\n\t\t<\/div>\n\t\t\t\t\t\t<\/div>\n\t\t\t\t<\/div>\n\t\t\t\t<div class=\"elementor-element elementor-element-b873f96 elementor-widget elementor-widget-wd_infobox\" data-id=\"b873f96\" data-element_type=\"widget\" data-e-type=\"widget\" data-widget_type=\"wd_infobox.default\">\n\t\t\t\t<div class=\"elementor-widget-container\">\n\t\t\t\t\t\t\t<div class=\"info-box-wrapper\">\n\t\t\t<div class=\"wd-info-box text-center box-icon-align-top box-style-base color-scheme- with-btn box-btn-static\">\n\t\t\t\t\n\t\t\t\t<div class=\"info-box-content\">\n\t\t\t\t\t\n\t\t\t\t\t\t\t\t\t\t\t<h4\t\t\t\t\t\tclass=\"info-box-title title box-title-style-default wd-fontsize-m\" data-elementor-setting-key=\"title\">\n\t\t\t\t\t\t\t\tL\u2019\u00c9crin Pourpre \t\t\t\t\t\t<\/h4>\n\t\t\t\t\t\n\t\t\t\t\t<div class=\"info-box-inner reset-last-child\"data-elementor-setting-key=\"content\"><p>Une voie pour deux. <br \/>Pour vous reconnecter \u00e0 <span style=\"font-family: Lato, Arial, Helvetica, sans-serif; font-size: 15px; font-style: normal; font-variant-ligatures: normal; font-variant-caps: normal; font-weight: 600;\">votre couple <\/span><span style=\"font-family: Lato, Arial, Helvetica, sans-serif; font-size: 15px; font-style: normal; font-variant-ligatures: normal; font-variant-caps: normal; font-weight: 400;\">\u2014Raviver la complicit\u00e9 et la tendresse. <\/span><\/p>\n<p>Redonner souffle et profondeur \u00e0 votre lien.<\/p>\n<\/div>\n\n\t\t\t\t\t\t\t\t\t\t\t<div class=\"info-btn-wrapper\">\n\t\t\t\t\t\t\t\t\t<div class=\"wd-button-wrapper text-center\" >\n\t\t\t<a class=\"btn btn-style-bordered btn-shape-rectangle btn-size-large btn-color-black btn-icon-pos-right\"  href=\"\/lecrin-pourpre\/\">\n\t\t\t\t<span class=\"wd-btn-text\" data-elementor-setting-key=\"text\">\n\t\t\t\t\tD\u00e9couvrir\t\t\t\t<\/span>\n\n\t\t\t\t\t\t\t<\/a>\n\t\t<\/div>\n\t\t\t\t\t\t\t\t<\/div>\n\t\t\t\t\t\t\t\t\t<\/div>\n\n\t\t\t\t\t\t\t<\/div>\n\t\t<\/div>\n\t\t\t\t\t\t<\/div>\n\t\t\t\t<\/div>\n\t\t\t\t<\/div>\n\t\t<div class=\"elementor-element elementor-element-5b86ece e-con-full e-flex e-con e-child\" data-id=\"5b86ece\" data-element_type=\"container\" data-e-type=\"container\">\n\t\t\t\t<div class=\"elementor-element elementor-element-6e148b1 elementor-widget elementor-widget-wd_banner\" data-id=\"6e148b1\" data-element_type=\"widget\" data-e-type=\"widget\" data-widget_type=\"wd_banner.default\">\n\t\t\t\t<div class=\"elementor-widget-container\">\n\t\t\t\t\t\t\t<div class=\"promo-banner-wrapper\">\n\t\t\t<div class=\"promo-banner banner-default banner-hover-parallax color-scheme-dark banner-btn-size-small banner-btn-style-link wd-with-link\">\n\t\t\t\t<div class=\"main-wrapp-img\">\n\t\t\t\t\t<div class=\"banner-image wd-without-height\">\n\t\t\t\t\t\t\t\t\t\t\t\t\t\t\t\t\t\t\t\t\t<img loading=\"lazy\" decoding=\"async\" width=\"600\" height=\"400\" src=\"https:\/\/lechemincreations.com\/wp-content\/uploads\/2025\/05\/\u00a9Marwane-SOBAI_MG_9088-600x400.png\" class=\"attachment-600x400 size-600x400\" alt=\"\" \/>\t\t\t\t\t\t\t\t\t\t\t\t\t\t\t\t\t\t<\/div>\n\t\t\t\t<\/div>\n\n\t\t\t\t<div class=\"wrapper-content-banner wd-fill wd-items-middle wd-justify-center\">\n\t\t\t\t\t<div class=\"content-banner  text-center\">\n\t\t\t\t\t\t\n\t\t\t\t\t\t\n\t\t\t\t\t\t\n\t\t\t\t\t\t\n\t\t\t\t\t\t\t\t\t\t\t<\/div>\n\t\t\t\t<\/div>\n\n\t\t\t\t\t\t\t\t\t<a href=\"#\" class=\"wd-promo-banner-link wd-fill\" aria-label=\"Banner link\"><\/a>\n\t\t\t\t\t\t\t<\/div>\n\t\t<\/div>\n\t\t\t\t\t\t<\/div>\n\t\t\t\t<\/div>\n\t\t\t\t<div class=\"elementor-element elementor-element-52bdccc elementor-widget elementor-widget-wd_infobox\" data-id=\"52bdccc\" data-element_type=\"widget\" data-e-type=\"widget\" data-widget_type=\"wd_infobox.default\">\n\t\t\t\t<div class=\"elementor-widget-container\">\n\t\t\t\t\t\t\t<div class=\"info-box-wrapper\">\n\t\t\t<div class=\"wd-info-box text-center box-icon-align-top box-style-base color-scheme- with-btn box-btn-static\">\n\t\t\t\t\n\t\t\t\t<div class=\"info-box-content\">\n\t\t\t\t\t\n\t\t\t\t\t\t\t\t\t\t\t<h4\t\t\t\t\t\tclass=\"info-box-title title box-title-style-default wd-fontsize-m\" data-elementor-setting-key=\"title\">\n\t\t\t\t\t\t\t\tL\u2019\u00c9crin Byzantin \t\t\t\t\t\t<\/h4>\n\t\t\t\t\t\n\t\t\t\t\t<div class=\"info-box-inner reset-last-child\"data-elementor-setting-key=\"content\"><p>Une voie intime pour renouer avec <span style=\"font-family: Lato, Arial, Helvetica, sans-serif; font-size: 15px; font-style: normal; font-variant-ligatures: normal; font-variant-caps: normal; font-weight: 600;\">votre corps.<\/span><\/p>\n<p>Le ressentir, L'aimer et \u2014 y  revenir avec douceur et pr\u00e9sence <\/p>\n<\/div>\n\n\t\t\t\t\t\t\t\t\t\t\t<div class=\"info-btn-wrapper\">\n\t\t\t\t\t\t\t\t\t<div class=\"wd-button-wrapper text-center\" >\n\t\t\t<a class=\"btn btn-style-bordered btn-shape-rectangle btn-size-large btn-color-black btn-icon-pos-right\"  href=\"\/lecrin-byzantin\/\">\n\t\t\t\t<span class=\"wd-btn-text\" data-elementor-setting-key=\"text\">\n\t\t\t\t\tD\u00e9couvrir\t\t\t\t<\/span>\n\n\t\t\t\t\t\t\t<\/a>\n\t\t<\/div>\n\t\t\t\t\t\t\t\t<\/div>\n\t\t\t\t\t\t\t\t\t<\/div>\n\n\t\t\t\t\t\t\t<\/div>\n\t\t<\/div>\n\t\t\t\t\t\t<\/div>\n\t\t\t\t<\/div>\n\t\t\t\t<\/div>\n\t\t\t\t\t<\/div>\n\t\t\t\t<\/div>\n\t\t<div class=\"wd-negative-gap elementor-element elementor-element-5e442ea e-flex e-con-boxed e-con e-parent\" data-id=\"5e442ea\" data-element_type=\"container\" data-e-type=\"container\">\n\t\t\t\t\t<div class=\"e-con-inner\">\n\t\t\t\t<div class=\"elementor-element elementor-element-5516381 wd-width-100 elementor-widget elementor-widget-wd_title\" data-id=\"5516381\" data-element_type=\"widget\" data-e-type=\"widget\" data-widget_type=\"wd_title.default\">\n\t\t\t\t<div class=\"elementor-widget-container\">\n\t\t\t\t\t\t\t<div class=\"title-wrapper wd-set-mb reset-last-child wd-title-color-default wd-title-style-default wd-title-size-large text-center\">\n\n\t\t\t\t\t\t\t\t\t\t\t<div class=\"title-subtitle subtitle-color-default subtitle-style-default wd-fontsize-xs\">\n\t\t\t\t\tLe chemin\t\t\t\t<\/div>\n\t\t\t\n\t\t\t<div class=\"liner-continer\">\n\t\t\t\t<h4 class=\"woodmart-title-container title wd-fontsize-xxl\">NOS ARTICLES<\/h4> \n\t\t\t\t\t\t\t<\/div>\n\n\t\t\t\t\t\t\t<div class=\"title-after_title reset-last-child wd-fontsize-s\">\n\t\t\t\t\t<p>Un espace de lecture pour ralentir, ressentir et cheminer autrement<\/p>\t\t\t\t<\/div>\n\t\t\t\t\t<\/div>\n\t\t\t\t\t\t<\/div>\n\t\t\t\t<\/div>\n\t\t\t\t<div class=\"elementor-element elementor-element-42f25c2 wd-width-100 elementor-widget elementor-widget-wd_blog\" data-id=\"42f25c2\" data-element_type=\"widget\" data-e-type=\"widget\" data-widget_type=\"wd_blog.default\">\n\t\t\t\t<div class=\"elementor-widget-container\">\n\t\t\t\t\t\t\t\t\n\t\t\t<div id=\"carousel-626\" class=\"wd-carousel-container  wd-posts wd-blog-element\">\n\t\t\t\t\n\t\t\t\t\t\t\t\n\t\t\t\t<div class=\"wd-carousel-inner\">\n\t\t\t\t\t<div class=\" wd-carousel wd-grid\" data-scroll_per_page=\"yes\" style=\"--wd-col-lg:3;--wd-col-md:3;--wd-col-sm:1;--wd-gap-lg:20px;--wd-gap-sm:10px;\">\n\t\t\t\t\t\t<div class=\"wd-carousel-wrap\">\n\t\t\t\t\t\t\t\t\t<div class=\"wd-carousel-item\">\n\t\t\t\t\t\t\t\n<article id=\"post-28954\" class=\"wd-post blog-design-masonry blog-post-loop blog-style-bg wd-add-shadow post-28954 post type-post status-publish format-standard has-post-thumbnail hentry category-bien-etre-et-therapie-en tag-guide-en tag-style-en tag-trends-en\">\n\t<div class=\"wd-post-inner article-inner\">\n\t\t\t\t\t<div class=\"wd-post-thumb entry-header\">\n\t\t\t\t\t\t\t\t\t<div class=\"wd-post-img post-img-wrapp\">\n\t\t\t\t\t\t<img loading=\"lazy\" decoding=\"async\" width=\"1200\" height=\"742\" src=\"https:\/\/lechemincreations.com\/wp-content\/uploads\/2021\/08\/a123.png\" class=\"attachment-large size-large\" alt=\"\" srcset=\"https:\/\/lechemincreations.com\/wp-content\/uploads\/2021\/08\/a123.png 1200w, https:\/\/lechemincreations.com\/wp-content\/uploads\/2021\/08\/a123-430x266.png 430w, https:\/\/lechemincreations.com\/wp-content\/uploads\/2021\/08\/a123-150x93.png 150w, https:\/\/lechemincreations.com\/wp-content\/uploads\/2021\/08\/a123-700x433.png 700w, https:\/\/lechemincreations.com\/wp-content\/uploads\/2021\/08\/a123-400x247.png 400w, https:\/\/lechemincreations.com\/wp-content\/uploads\/2021\/08\/a123-768x475.png 768w\" sizes=\"auto, (max-width: 1200px) 100vw, 1200px\" \/>\t\t\t\t\t<\/div>\n\t\t\t\t\t\t\t\t\t\t<a class=\"wd-fill\" tabindex=\"-1\" href=\"https:\/\/lechemincreations.com\/en\/quand-le-corps-devient-langage-lart-de-se-reconnecter-a-soi\/\" aria-label=\"Link on post When the body becomes language: the art of reconnecting with oneself\"><\/a>\n\t\t\t\t\n\t\t\t\t\t\t\t\t\t\t\t\t<div class=\"wd-post-date wd-style-with-bg\">\n\t\t\t\t<span class=\"post-date-day\">\n\t\t\t\t\t26\t\t\t\t<\/span>\n\t\t\t\t<span class=\"post-date-month\">\n\t\t\t\t\tAug\t\t\t\t<\/span>\n\t\t\t<\/div>\n\t\t\t\t\t\t\t\t\t<\/div>\n\t\t\n\t\t<div class=\"wd-post-content article-body-container\">\n\t\t\t\n\t\t\t\t\t\t\t<h3 class=\"wd-post-title wd-entities-title title post-title\">\n\t\t\t\t\t<a href=\"https:\/\/lechemincreations.com\/en\/quand-le-corps-devient-langage-lart-de-se-reconnecter-a-soi\/\" rel=\"bookmark\">\n\t\t\t\t\t\tWhen the body becomes language: the art of reconnecting with oneself\t\t\t\t\t<\/a>\n\t\t\t\t<\/h3>\n\t\t\t\n\t\t\t\n\t\t\t\t\t\t\t<div class=\"wd-post-excerpt entry-content\">\n\t\t\t\t\tIn the hustle and bustle of daily life, our body often becomes the great forgotten. It endures, absorbs, and keeps up with the frantic ...\t\t\t\t<\/div>\n\t\t\t\n\t\t\t\t\t<\/div>\n\t<\/div>\n<\/article>\n\n\t\t\t\t\t<\/div>\n\t\t\t\t<div class=\"wd-carousel-item\">\n\t\t\t\t\t\t\t\n<article id=\"post-28947\" class=\"wd-post blog-design-masonry blog-post-loop blog-style-bg wd-add-shadow post-28947 post type-post status-publish format-standard has-post-thumbnail hentry category-couple-et-connexion-en tag-trends-en\">\n\t<div class=\"wd-post-inner article-inner\">\n\t\t\t\t\t<div class=\"wd-post-thumb entry-header\">\n\t\t\t\t\t\t\t\t\t<div class=\"wd-post-img post-img-wrapp\">\n\t\t\t\t\t\t<img loading=\"lazy\" decoding=\"async\" width=\"1200\" height=\"742\" src=\"https:\/\/lechemincreations.com\/wp-content\/uploads\/2021\/08\/a123bbb.png\" class=\"attachment-large size-large\" alt=\"\" srcset=\"https:\/\/lechemincreations.com\/wp-content\/uploads\/2021\/08\/a123bbb.png 1200w, https:\/\/lechemincreations.com\/wp-content\/uploads\/2021\/08\/a123bbb-430x266.png 430w, https:\/\/lechemincreations.com\/wp-content\/uploads\/2021\/08\/a123bbb-150x93.png 150w, https:\/\/lechemincreations.com\/wp-content\/uploads\/2021\/08\/a123bbb-700x433.png 700w, https:\/\/lechemincreations.com\/wp-content\/uploads\/2021\/08\/a123bbb-400x247.png 400w, https:\/\/lechemincreations.com\/wp-content\/uploads\/2021\/08\/a123bbb-768x475.png 768w\" sizes=\"auto, (max-width: 1200px) 100vw, 1200px\" \/>\t\t\t\t\t<\/div>\n\t\t\t\t\t\t\t\t\t\t<a class=\"wd-fill\" tabindex=\"-1\" href=\"https:\/\/lechemincreations.com\/en\/lamour-en-conscience-et-si-lon-apprenait-a-saimer-autrement\/\" aria-label=\"Link on post Love with awareness: what if we learned to love differently?\"><\/a>\n\t\t\t\t\n\t\t\t\t\t\t\t\t\t\t\t\t<div class=\"wd-post-date wd-style-with-bg\">\n\t\t\t\t<span class=\"post-date-day\">\n\t\t\t\t\t26\t\t\t\t<\/span>\n\t\t\t\t<span class=\"post-date-month\">\n\t\t\t\t\tAug\t\t\t\t<\/span>\n\t\t\t<\/div>\n\t\t\t\t\t\t\t\t\t<\/div>\n\t\t\n\t\t<div class=\"wd-post-content article-body-container\">\n\t\t\t\n\t\t\t\t\t\t\t<h3 class=\"wd-post-title wd-entities-title title post-title\">\n\t\t\t\t\t<a href=\"https:\/\/lechemincreations.com\/en\/lamour-en-conscience-et-si-lon-apprenait-a-saimer-autrement\/\" rel=\"bookmark\">\n\t\t\t\t\t\tLove with awareness: what if we learned to love differently?\t\t\t\t\t<\/a>\n\t\t\t\t<\/h3>\n\t\t\t\n\t\t\t\n\t\t\t\t\t\t\t<div class=\"wd-post-excerpt entry-content\">\n\t\t\t\t\tIn a society that values performance and speed, love can sometimes lose its gentleness. The couple becomes a matter of management, the ...\t\t\t\t<\/div>\n\t\t\t\n\t\t\t\t\t<\/div>\n\t<\/div>\n<\/article>\n\n\t\t\t\t\t<\/div>\n\t\t\t\t<div class=\"wd-carousel-item\">\n\t\t\t\t\t\t\t\n<article id=\"post-28941\" class=\"wd-post blog-design-masonry blog-post-loop blog-style-bg wd-add-shadow post-28941 post type-post status-publish format-standard has-post-thumbnail hentry category-philosophie-vision-en tag-chair-en tag-inspiratio-en tag-news-en\">\n\t<div class=\"wd-post-inner article-inner\">\n\t\t\t\t\t<div class=\"wd-post-thumb entry-header\">\n\t\t\t\t\t\t\t\t\t<div class=\"wd-post-img post-img-wrapp\">\n\t\t\t\t\t\t<img loading=\"lazy\" decoding=\"async\" width=\"1200\" height=\"742\" src=\"https:\/\/lechemincreations.com\/wp-content\/uploads\/2021\/08\/a123ff-2.png\" class=\"attachment-large size-large\" alt=\"\" srcset=\"https:\/\/lechemincreations.com\/wp-content\/uploads\/2021\/08\/a123ff-2.png 1200w, https:\/\/lechemincreations.com\/wp-content\/uploads\/2021\/08\/a123ff-2-430x266.png 430w, https:\/\/lechemincreations.com\/wp-content\/uploads\/2021\/08\/a123ff-2-150x93.png 150w, https:\/\/lechemincreations.com\/wp-content\/uploads\/2021\/08\/a123ff-2-700x433.png 700w, https:\/\/lechemincreations.com\/wp-content\/uploads\/2021\/08\/a123ff-2-400x247.png 400w, https:\/\/lechemincreations.com\/wp-content\/uploads\/2021\/08\/a123ff-2-768x475.png 768w\" sizes=\"auto, (max-width: 1200px) 100vw, 1200px\" \/>\t\t\t\t\t<\/div>\n\t\t\t\t\t\t\t\t\t\t<a class=\"wd-fill\" tabindex=\"-1\" href=\"https:\/\/lechemincreations.com\/en\/minimalist-japanese-inspired-furniture\/\" aria-label=\"Link on post What if you were already on The Path?\"><\/a>\n\t\t\t\t\n\t\t\t\t\t\t\t\t\t\t\t\t<div class=\"wd-post-date wd-style-with-bg\">\n\t\t\t\t<span class=\"post-date-day\">\n\t\t\t\t\t26\t\t\t\t<\/span>\n\t\t\t\t<span class=\"post-date-month\">\n\t\t\t\t\tAug\t\t\t\t<\/span>\n\t\t\t<\/div>\n\t\t\t\t\t\t\t\t\t<\/div>\n\t\t\n\t\t<div class=\"wd-post-content article-body-container\">\n\t\t\t\n\t\t\t\t\t\t\t<h3 class=\"wd-post-title wd-entities-title title post-title\">\n\t\t\t\t\t<a href=\"https:\/\/lechemincreations.com\/en\/minimalist-japanese-inspired-furniture\/\" rel=\"bookmark\">\n\t\t\t\t\t\tWhat if you were already on The Path?\t\t\t\t\t<\/a>\n\t\t\t\t<\/h3>\n\t\t\t\n\t\t\t\n\t\t\t\t\t\t\t<div class=\"wd-post-excerpt entry-content\">\n\t\t\t\t\tHow many times have we tried to become what we already were? In this quest for well-being, transformation, or fulfillment, we sometimes...\t\t\t\t<\/div>\n\t\t\t\n\t\t\t\t\t<\/div>\n\t<\/div>\n<\/article>\n\n\t\t\t\t\t<\/div>\n\t\t\t\t\t\t\t\t<\/div>\n\t\t\t\t\t<\/div>\n\n\t\t\t\t\t\t\t<div class=\"wd-nav-arrows wd-pos-sep wd-hover-1 wd-icon-1\">\n\t\t\t<div class=\"wd-btn-arrow wd-prev wd-disabled\">\n\t\t\t\t<div class=\"wd-arrow-inner\"><\/div>\n\t\t\t<\/div>\n\t\t\t<div class=\"wd-btn-arrow wd-next\">\n\t\t\t\t<div class=\"wd-arrow-inner\"><\/div>\n\t\t\t<\/div>\n\t\t<\/div>\n\t\t\t\t\t\t<\/div>\n\n\t\t\t\t\t\t\t\t\t\t\t\t\t\t<\/div>\n\t\t\t\t\t\t\t\t\t\t<\/div>\n\t\t\t\t<\/div>\n\t\t\t\t\t<\/div>\n\t\t\t\t<\/div>\n\t\t\t\t<\/div>\n\t\t","protected":false},"excerpt":{"rendered":"<p>lES \u00e9crins les Voies du Chemin Chaque \u00e9crin est une exp\u00e9rience sensorielle, th\u00e9rapeutique et artisanale. \u00c0 l\u2019int\u00e9rieur\u00a0: Un programme guid\u00e9<\/p>\n","protected":false},"author":1,"featured_media":0,"parent":0,"menu_order":0,"comment_status":"closed","ping_status":"closed","template":"","meta":{"footnotes":""},"class_list":["post-28903","page","type-page","status-publish","hentry"],"_links":{"self":[{"href":"https:\/\/lechemincreations.com\/en\/wp-json\/wp\/v2\/pages\/28903","targetHints":{"allow":["GET"]}}],"collection":[{"href":"https:\/\/lechemincreations.com\/en\/wp-json\/wp\/v2\/pages"}],"about":[{"href":"https:\/\/lechemincreations.com\/en\/wp-json\/wp\/v2\/types\/page"}],"author":[{"embeddable":true,"href":"https:\/\/lechemincreations.com\/en\/wp-json\/wp\/v2\/users\/1"}],"replies":[{"embeddable":true,"href":"https:\/\/lechemincreations.com\/en\/wp-json\/wp\/v2\/comments?post=28903"}],"version-history":[{"count":32,"href":"https:\/\/lechemincreations.com\/en\/wp-json\/wp\/v2\/pages\/28903\/revisions"}],"predecessor-version":[{"id":29216,"href":"https:\/\/lechemincreations.com\/en\/wp-json\/wp\/v2\/pages\/28903\/revisions\/29216"}],"wp:attachment":[{"href":"https:\/\/lechemincreations.com\/en\/wp-json\/wp\/v2\/media?parent=28903"}],"curies":[{"name":"wp","href":"https:\/\/api.w.org\/{rel}","templated":true}]}}